{"id":421,"date":"2019-06-21T02:29:23","date_gmt":"2019-06-21T02:29:23","guid":{"rendered":"https:\/\/ecnovios.org\/ver\/?page_id=421"},"modified":"2020-07-11T21:16:24","modified_gmt":"2020-07-11T21:16:24","slug":"about","status":"publish","type":"page","link":"https:\/\/ecnovios.org\/ver\/about\/","title":{"rendered":"Acerca de"},"content":{"rendered":"\t\t<div data-elementor-type=\"wp-post\" data-elementor-id=\"421\" class=\"elementor elementor-421\">\n\t\t\t\t\t\t<section class=\"elementor-section elementor-top-section elementor-element elementor-element-3c10f34 elementor-section-boxed elementor-section-height-default elementor-section-height-default\" data-id=\"3c10f34\" data-element_type=\"section\">\n\t\t\t\t\t\t<div class=\"elementor-container elementor-column-gap-default\">\n\t\t\t\t\t<div class=\"elementor-column elementor-col-100 elementor-top-column elementor-element elementor-element-16ce286\" data-id=\"16ce286\" data-element_type=\"column\">\n\t\t\t<div class=\"elementor-widget-wrap elementor-element-populated\">\n\t\t\t\t\t\t<div class=\"elementor-element elementor-element-5a8c22e elementor-widget elementor-widget-text-editor\" data-id=\"5a8c22e\" data-element_type=\"widget\" data-widget_type=\"text-editor.default\">\n\t\t\t\t<div class=\"elementor-widget-container\">\n\t\t\t\t\t\t\t\t\t<p>Somos un movimiento Cat\u00f3lico de fieles laicos, formado por matrimonios y parejas de novios que diariamente tomamos la decisi\u00f3n de amar a Dios y a nuestro c\u00f3nyuge.Somos un movimiento Cat\u00f3lico de fieles laicos, formado por matrimonios y parejas de novios que diariamente tomamos la decisi\u00f3n de amar a Dios y a nuestro c\u00f3nyuge.<\/p><p>Matrimonio Sacramentado<\/p><p>Se descubre que el Matrimonio es un sacramento y una vocaci\u00f3n, se profundiza en la finalidad de un Matrimonio y en la fortaleza que les trae complementar sus diferencias a trav\u00e9s del di\u00e1logo y la toma de decisiones. Y sobre todo que Dios y la oraci\u00f3n son medios esenciales para un matrimonio exitoso.Se descubre que el Matrimonio es un sacramento y una vocaci\u00f3n, se profundiza en la finalidad de un Matrimonio y en la fortaleza que les trae complementar sus diferencias a trav\u00e9s del di\u00e1logo y la toma de decisiones. Y sobre todo que Dios y la oraci\u00f3n son medios esenciales para un matrimonio exitoso.<\/p><p>Retos para las futuras generaciones<\/p><p>Cada pareja es retada a analizar sus motivos para casarse, as\u00ed como a analizar sus expectativas del matrimonio y replantearse sus planes a futuro.Cada pareja es retada a analizar sus motivos para casarse, as\u00ed como a analizar sus expectativas del matrimonio y replantearse sus planes a futuro.<\/p><p>V\u00e1lido como Platicas Pre-matrimoniales<\/p><p>En todas las Di\u00f3cesis donde ha sido aceptado este programa, el Encuentro de Novios extiende un Certificado con validez de Pl\u00e1ticas Pre-matrimoniales a las parejas de novios que viven completa la experiencia.<\/p><p>Encuentro de Novios en M\u00e9xico<\/p><p>El Encuentro de Novios lleg\u00f3 a M\u00e9xico en 1978 y se llev\u00f3 a cabo el primer fin de semana en TlalnepantlaEl Encuentro de Novios lleg\u00f3 a M\u00e9xico en 1978 y se llev\u00f3 a cabo el primer fin de semana en Tlalnepantla<\/p>\t\t\t\t\t\t\t\t<\/div>\n\t\t\t\t<\/div>\n\t\t\t\t\t<\/div>\n\t\t<\/div>\n\t\t\t\t\t<\/div>\n\t\t<\/section>\n\t\t\t\t<\/div>\n\t\t","protected":false},"excerpt":{"rendered":"<p>Somos un movimiento Cat\u00f3lico de fieles laicos, formado por matrimonios y parejas de novios que diariamente tomamos la decisi\u00f3n de amar a Dios y a nuestro c\u00f3nyuge.Somos un movimiento Cat\u00f3lico de fieles laicos, formado por matrimonios y parejas de novios que diariamente tomamos la decisi\u00f3n de amar a Dios y [&hellip;]<\/p>\n","protected":false},"author":6,"featured_media":0,"parent":0,"menu_order":0,"comment_status":"closed","ping_status":"closed","template":"","meta":{"footnotes":""},"class_list":["post-421","page","type-page","status-publish","hentry"],"amp_enabled":true,"_links":{"self":[{"href":"https:\/\/ecnovios.org\/ver\/wp-json\/wp\/v2\/pages\/421","targetHints":{"allow":["GET"]}}],"collection":[{"href":"https:\/\/ecnovios.org\/ver\/wp-json\/wp\/v2\/pages"}],"about":[{"href":"https:\/\/ecnovios.org\/ver\/wp-json\/wp\/v2\/types\/page"}],"author":[{"embeddable":true,"href":"https:\/\/ecnovios.org\/ver\/wp-json\/wp\/v2\/users\/6"}],"replies":[{"embeddable":true,"href":"https:\/\/ecnovios.org\/ver\/wp-json\/wp\/v2\/comments?post=421"}],"version-history":[{"count":4,"href":"https:\/\/ecnovios.org\/ver\/wp-json\/wp\/v2\/pages\/421\/revisions"}],"predecessor-version":[{"id":598,"href":"https:\/\/ecnovios.org\/ver\/wp-json\/wp\/v2\/pages\/421\/revisions\/598"}],"wp:attachment":[{"href":"https:\/\/ecnovios.org\/ver\/wp-json\/wp\/v2\/media?parent=421"}],"curies":[{"name":"wp","href":"https:\/\/api.w.org\/{rel}","templated":true}]}}